{"id":1403,"date":"2025-09-29T08:53:51","date_gmt":"2025-09-29T08:53:51","guid":{"rendered":"https:\/\/afactoria.es\/?page_id=1403"},"modified":"2025-12-04T10:54:10","modified_gmt":"2025-12-04T10:54:10","slug":"aviso-legal","status":"publish","type":"page","link":"https:\/\/afactoria.es\/gal\/aviso-legal\/","title":{"rendered":"Aviso Legal"},"content":{"rendered":"<div data-elementor-type=\"wp-page\" data-elementor-id=\"1403\" class=\"elementor elementor-1403\">\n\t\t\t\t<div class=\"elementor-element elementor-element-5566121 e-flex e-con-boxed e-con e-parent\" data-id=\"5566121\" data-element_type=\"container\" data-e-type=\"container\">\n\t\t\t\t\t<div class=\"e-con-inner\">\n\t\t\t\t<div class=\"elementor-element elementor-element-3adeb3a elementor-widget elementor-widget-text-editor\" data-id=\"3adeb3a\" data-element_type=\"widget\" data-e-type=\"widget\" data-widget_type=\"text-editor.default\">\n\t\t\t\t<div class=\"elementor-widget-container\">\n\t\t\t\t\t\t\t\t\t<h4>Aviso Legal<\/h4><h3 data-start=\"993\" data-end=\"1017\">\u00a0<\/h3><h3 data-start=\"993\" data-end=\"1017\">Objeto del sitio web<\/h3><p data-start=\"1019\" data-end=\"1218\">El presente sitio web tiene como finalidad proporcionar informaci\u00f3n clara, veraz y actualizada sobre los servicios profesionales ofrecidos bajo la marca\u00a0<strong data-start=\"1172\" data-end=\"1190\">A Factor\u00eda<\/strong>.<\/p><hr data-start=\"1665\" data-end=\"1668\" \/><h3 data-start=\"1670\" data-end=\"1708\">Propiedad intelectual e industrial<\/h3><p data-start=\"1710\" data-end=\"2044\">Todos los contenidos presentes en este sitio web \u2014tales como textos, im\u00e1genes, v\u00eddeos, logotipos, elementos gr\u00e1ficos, dise\u00f1o y c\u00f3digo fuente\u2014 est\u00e1n sujetos a derechos de propiedad intelectual e industrial. Dichos contenidos son titularidad exclusiva de <b>Marcos Rumbo Roel<\/b>, o bien se dispone de las licencias necesarias para su uso.<\/p><p data-start=\"2046\" data-end=\"2377\">Queda expresamente prohibida la reproducci\u00f3n total o parcial, uso, distribuci\u00f3n, comunicaci\u00f3n p\u00fablica, transformaci\u00f3n o cualquier otra actividad similar de los contenidos sin autorizaci\u00f3n previa y por escrito del titular. El usuario se compromete a respetar los derechos de propiedad intelectual e industrial del titular del sitio.<\/p><hr data-start=\"2379\" data-end=\"2382\" \/><h3 data-start=\"2384\" data-end=\"2403\">Responsabilidad<\/h3><p data-start=\"2405\" data-end=\"2890\"><b>A Factor\u00eda<\/b>\u00a0no se hace responsable de los posibles errores u omisiones en los contenidos publicados, ni del uso que terceros puedan hacer de la informaci\u00f3n contenida en este sitio web. El titular se reserva el derecho a modificar en cualquier momento, y sin necesidad de previo aviso, tanto los contenidos como las condiciones legales aqu\u00ed expuestas, as\u00ed como a suspender temporalmente o dar de baja de forma definitiva el sitio web por motivos t\u00e9cnicos, legales o estrat\u00e9gicos.<\/p><p data-start=\"2892\" data-end=\"3111\">Del mismo modo, el titular no se responsabiliza de los da\u00f1os o perjuicios que pudieran derivarse del uso de este sitio web o de la descarga de contenidos que puedan contener virus u otros elementos inform\u00e1ticos da\u00f1inos.<\/p><hr data-start=\"3113\" data-end=\"3116\" \/><h3 data-start=\"3118\" data-end=\"3138\">Enlaces externos<\/h3><p data-start=\"3140\" data-end=\"3506\">Este sitio web puede contener enlaces a sitios de terceros.\u00a0<span style=\"font-weight: bold;\">A Factor\u00eda<\/span>\u00a0no se responsabiliza del contenido, pol\u00edticas o pr\u00e1cticas de privacidad de dichos sitios, ni de los posibles da\u00f1os que puedan derivarse del acceso a los mismos. La inclusi\u00f3n de estos enlaces no implica necesariamente una asociaci\u00f3n, aprobaci\u00f3n o respaldo por parte del titular del sitio.<\/p><hr data-start=\"3508\" data-end=\"3511\" \/><h3 data-start=\"3513\" data-end=\"3553\">Legislaci\u00f3n aplicable y jurisdicci\u00f3n<\/h3><p data-start=\"3555\" data-end=\"3818\">La relaci\u00f3n entre el titular del sitio web y el usuario se regir\u00e1 por la normativa espa\u00f1ola vigente y cualquier controversia que pudiera surgir se someter\u00e1 a los juzgados y tribunales del domicilio del titular, salvo que la normativa aplicable disponga otra cosa.<\/p>\t\t\t\t\t\t\t\t<\/div>\n\t\t\t\t<\/div>\n\t\t\t\t\t<\/div>\n\t\t\t\t<\/div>\n\t\t\t\t<\/div>","protected":false},"excerpt":{"rendered":"<p>Aviso Legal \u00a0 Objeto del sitio web El presente sitio web tiene como finalidad proporcionar informaci\u00f3n clara, veraz y actualizada sobre los servicios profesionales ofrecidos bajo la marca\u00a0A Factor\u00eda. Propiedad intelectual e industrial Todos los contenidos presentes en este sitio web \u2014tales como textos, im\u00e1genes, v\u00eddeos, logotipos, elementos gr\u00e1ficos, dise\u00f1o y c\u00f3digo fuente\u2014 est\u00e1n sujetos [&hellip;]<\/p>\n","protected":false},"author":1,"featured_media":0,"parent":0,"menu_order":0,"comment_status":"closed","ping_status":"closed","template":"","meta":{"site-sidebar-layout":"no-sidebar","site-content-layout":"page-builder","ast-site-content-layout":"full-width-container","site-content-style":"default","site-sidebar-style":"default","ast-global-header-display":"","ast-banner-title-visibility":"","ast-main-header-display":"","ast-hfb-above-header-display":"","ast-hfb-below-header-display":"","ast-hfb-mobile-header-display":"","site-post-title":"disabled","ast-breadcrumbs-content":"","ast-featured-img":"disabled","footer-sml-layout":"","ast-disable-related-posts":"","theme-transparent-header-meta":"","adv-header-id-meta":"","stick-header-meta":"","header-above-stick-meta":"","header-main-stick-meta":"","header-below-stick-meta":"","astra-migrate-meta-layouts":"set","ast-page-background-enabled":"default","ast-page-background-meta":{"desktop":{"background-color":"","background-image":"","background-repeat":"repeat","background-position":"center center","background-size":"auto","background-attachment":"scroll","background-type":"","background-media":"","overlay-type":"","overlay-color":"","overlay-opacity":"","overlay-gradient":""},"tablet":{"background-color":"","background-image":"","background-repeat":"repeat","background-position":"center center","background-size":"auto","background-attachment":"scroll","background-type":"","background-media":"","overlay-type":"","overlay-color":"","overlay-opacity":"","overlay-gradient":""},"mobile":{"background-color":"","background-image":"","background-repeat":"repeat","background-position":"center center","background-size":"auto","background-attachment":"scroll","background-type":"","background-media":"","overlay-type":"","overlay-color":"","overlay-opacity":"","overlay-gradient":""}},"ast-content-background-meta":{"desktop":{"background-color":"var(--ast-global-color-5)","background-image":"","background-repeat":"repeat","background-position":"center center","background-size":"auto","background-attachment":"scroll","background-type":"","background-media":"","overlay-type":"","overlay-color":"","overlay-opacity":"","overlay-gradient":""},"tablet":{"background-color":"var(--ast-global-color-5)","background-image":"","background-repeat":"repeat","background-position":"center center","background-size":"auto","background-attachment":"scroll","background-type":"","background-media":"","overlay-type":"","overlay-color":"","overlay-opacity":"","overlay-gradient":""},"mobile":{"background-color":"var(--ast-global-color-5)","background-image":"","background-repeat":"repeat","background-position":"center center","background-size":"auto","background-attachment":"scroll","background-type":"","background-media":"","overlay-type":"","overlay-color":"","overlay-opacity":"","overlay-gradient":""}},"footnotes":""},"class_list":["post-1403","page","type-page","status-publish","hentry"],"_links":{"self":[{"href":"https:\/\/afactoria.es\/gal\/wp-json\/wp\/v2\/pages\/1403","targetHints":{"allow":["GET"]}}],"collection":[{"href":"https:\/\/afactoria.es\/gal\/wp-json\/wp\/v2\/pages"}],"about":[{"href":"https:\/\/afactoria.es\/gal\/wp-json\/wp\/v2\/types\/page"}],"author":[{"embeddable":true,"href":"https:\/\/afactoria.es\/gal\/wp-json\/wp\/v2\/users\/1"}],"replies":[{"embeddable":true,"href":"https:\/\/afactoria.es\/gal\/wp-json\/wp\/v2\/comments?post=1403"}],"version-history":[{"count":13,"href":"https:\/\/afactoria.es\/gal\/wp-json\/wp\/v2\/pages\/1403\/revisions"}],"predecessor-version":[{"id":1493,"href":"https:\/\/afactoria.es\/gal\/wp-json\/wp\/v2\/pages\/1403\/revisions\/1493"}],"wp:attachment":[{"href":"https:\/\/afactoria.es\/gal\/wp-json\/wp\/v2\/media?parent=1403"}],"curies":[{"name":"wp","href":"https:\/\/api.w.org\/{rel}","templated":true}]}}