{"id":570,"date":"2025-09-24T12:59:14","date_gmt":"2025-09-24T12:59:14","guid":{"rendered":"https:\/\/afactoria.es\/menu-2\/"},"modified":"2026-03-16T13:27:35","modified_gmt":"2026-03-16T13:27:35","slug":"productos","status":"publish","type":"page","link":"https:\/\/afactoria.es\/gal\/productos\/","title":{"rendered":"Productos"},"content":{"rendered":"<div data-elementor-type=\"wp-post\" data-elementor-id=\"570\" class=\"elementor elementor-570\">\n\t\t\t\t<div class=\"elementor-element elementor-element-f07c8cf e-flex e-con-boxed e-con e-parent\" data-id=\"f07c8cf\" data-element_type=\"container\" data-e-type=\"container\" data-settings=\"{&quot;background_background&quot;:&quot;classic&quot;}\">\n\t\t\t\t\t<div class=\"e-con-inner\">\n\t\t<div class=\"elementor-element elementor-element-6330140 e-con-full e-flex e-con e-child\" data-id=\"6330140\" data-element_type=\"container\" data-e-type=\"container\">\n\t\t\t\t<\/div>\n\t\t<div class=\"elementor-element elementor-element-838a5a2 e-con-full e-flex e-con e-child\" data-id=\"838a5a2\" data-element_type=\"container\" data-e-type=\"container\">\n\t\t\t\t<div class=\"elementor-element elementor-element-5352cda elementor-invisible elementor-widget elementor-widget-heading\" data-id=\"5352cda\" data-element_type=\"widget\" data-e-type=\"widget\" data-settings=\"{&quot;_animation&quot;:&quot;fadeInDown&quot;}\" data-widget_type=\"heading.default\">\n\t\t\t\t<div class=\"elementor-widget-container\">\n\t\t\t\t\t<span class=\"elementor-heading-title elementor-size-default\">A nosa proposta<\/span>\t\t\t\t<\/div>\n\t\t\t\t<\/div>\n\t\t\t\t<div class=\"elementor-element elementor-element-1d00749 elementor-invisible elementor-widget elementor-widget-heading\" data-id=\"1d00749\" data-element_type=\"widget\" data-e-type=\"widget\" data-settings=\"{&quot;_animation&quot;:&quot;fadeInUp&quot;,&quot;_animation_delay&quot;:200}\" data-widget_type=\"heading.default\">\n\t\t\t\t<div class=\"elementor-widget-container\">\n\t\t\t\t\t<h1 class=\"elementor-heading-title elementor-size-default\">Nuestros productos<\/h1>\t\t\t\t<\/div>\n\t\t\t\t<\/div>\n\t\t\t\t<div class=\"elementor-element elementor-element-0f7a128 elementor-hidden-phone elementor-invisible elementor-widget elementor-widget-text-editor\" data-id=\"0f7a128\" data-element_type=\"widget\" data-e-type=\"widget\" data-settings=\"{&quot;_animation&quot;:&quot;fadeInUp&quot;,&quot;_animation_delay&quot;:400}\" data-widget_type=\"text-editor.default\">\n\t\t\t\t<div class=\"elementor-widget-container\">\n\t\t\t\t\t\t\t\t\t<p data-start=\"410\" data-end=\"655\">En <strong data-start=\"414\" data-end=\"428\">A Factor\u00eda<\/strong> te ofrecemos una selecci\u00f3n de churros y boller\u00eda.<br data-start=\"529\" data-end=\"532\" \/><br \/><\/p><p data-start=\"410\" data-end=\"655\">Disponemos de pan artesano.<\/p>\t\t\t\t\t\t\t\t<\/div>\n\t\t\t\t<\/div>\n\t\t\t\t<\/div>\n\t\t<div class=\"elementor-element elementor-element-41b234a e-con-full e-flex e-con e-child\" data-id=\"41b234a\" data-element_type=\"container\" data-e-type=\"container\">\n\t\t\t\t<\/div>\n\t\t\t\t\t<\/div>\n\t\t\t\t<\/div>\n\t\t<div class=\"elementor-element elementor-element-aba5795 e-flex e-con-boxed e-con e-parent\" data-id=\"aba5795\" data-element_type=\"container\" data-e-type=\"container\" data-settings=\"{&quot;background_background&quot;:&quot;classic&quot;}\">\n\t\t\t\t\t<div class=\"e-con-inner\">\n\t\t<div class=\"elementor-element elementor-element-3977c5e e-con-full e-flex e-con e-child\" data-id=\"3977c5e\" data-element_type=\"container\" data-e-type=\"container\">\n\t\t<div class=\"elementor-element elementor-element-5951679 e-flex e-con-boxed e-con e-child\" data-id=\"5951679\" data-element_type=\"container\" data-e-type=\"container\">\n\t\t\t\t\t<div class=\"e-con-inner\">\n\t\t<div class=\"elementor-element elementor-element-5b11573 e-con-full e-flex e-con e-child\" data-id=\"5b11573\" data-element_type=\"container\" data-e-type=\"container\">\n\t\t\t\t<div class=\"elementor-element elementor-element-e45f684 elementor-invisible elementor-widget elementor-widget-heading\" data-id=\"e45f684\" data-element_type=\"widget\" data-e-type=\"widget\" data-settings=\"{&quot;_animation&quot;:&quot;fadeInDown&quot;}\" data-widget_type=\"heading.default\">\n\t\t\t\t<div class=\"elementor-widget-container\">\n\t\t\t\t\t<h2 class=\"elementor-heading-title elementor-size-default\">Os mellores churros e boler\u00eda<\/h2>\t\t\t\t<\/div>\n\t\t\t\t<\/div>\n\t\t\t\t<div class=\"elementor-element elementor-element-bf5db9c elementor-widget elementor-widget-heading\" data-id=\"bf5db9c\" data-element_type=\"widget\" data-e-type=\"widget\" data-widget_type=\"heading.default\">\n\t\t\t\t<div class=\"elementor-widget-container\">\n\t\t\t\t\t<span class=\"elementor-heading-title elementor-size-default\">Escollidos cada d\u00eda por centos de clientes<\/span>\t\t\t\t<\/div>\n\t\t\t\t<\/div>\n\t\t\t\t<div class=\"elementor-element elementor-element-330da02 elementor-widget elementor-widget-text-editor\" data-id=\"330da02\" data-element_type=\"widget\" data-e-type=\"widget\" data-widget_type=\"text-editor.default\">\n\t\t\t\t<div class=\"elementor-widget-container\">\n\t\t\t\t\t\t\t\t\t<p>En <strong data-start=\"337\" data-end=\"351\">A Factor\u00eda<\/strong> elaboramos os nosos churros e pezas de boler\u00eda de maneira artesanal, coidando cada detalle para que cheguen sempre frescos e cheos de sabor.<br data-start=\"495\" data-end=\"498\" \/>Nuestra calidad y tradici\u00f3n nos convierten en la opci\u00f3n preferida tanto por particulares como por negocios de hosteler\u00eda en Arteixo y los alrededores\u00a0 de A Coru\u00f1a.<\/p>\t\t\t\t\t\t\t\t<\/div>\n\t\t\t\t<\/div>\n\t\t\t\t<div class=\"elementor-element elementor-element-1050d22 elementor-align-center elementor-widget__width-initial elementor-widget elementor-widget-button\" data-id=\"1050d22\" data-element_type=\"widget\" data-e-type=\"widget\" data-widget_type=\"button.default\">\n\t\t\t\t<div class=\"elementor-widget-container\">\n\t\t\t\t\t\t\t\t\t<div class=\"elementor-button-wrapper\">\n\t\t\t\t\t<a class=\"elementor-button elementor-button-link elementor-size-sm\" href=\"https:\/\/afactoria.es\/gal\/Contacto\/\">\n\t\t\t\t\t\t<span class=\"elementor-button-content-wrapper\">\n\t\t\t\t\t\t\t\t\t<span class=\"elementor-button-text\">Fai o teu pedido<\/span>\n\t\t\t\t\t<\/span>\n\t\t\t\t\t<\/a>\n\t\t\t\t<\/div>\n\t\t\t\t\t\t\t\t<\/div>\n\t\t\t\t<\/div>\n\t\t\t\t<\/div>\n\t\t\t\t\t<\/div>\n\t\t\t\t<\/div>\n\t\t\t\t<\/div>\n\t\t\t\t\t<\/div>\n\t\t\t\t<\/div>\n\t\t<div class=\"elementor-element elementor-element-bd2372f e-flex e-con-boxed e-con e-parent\" data-id=\"bd2372f\" data-element_type=\"container\" data-e-type=\"container\" data-settings=\"{&quot;background_background&quot;:&quot;classic&quot;}\">\n\t\t\t\t\t<div class=\"e-con-inner\">\n\t\t<div class=\"elementor-element elementor-element-e4bf0d9 e-con-full e-grid e-con e-child\" data-id=\"e4bf0d9\" data-element_type=\"container\" data-e-type=\"container\">\n\t\t\t\t<div class=\"elementor-element elementor-element-d9dfc3e elementor-position-top elementor-widget elementor-widget-image-box\" data-id=\"d9dfc3e\" data-element_type=\"widget\" data-e-type=\"widget\" data-widget_type=\"image-box.default\">\n\t\t\t\t<div class=\"elementor-widget-container\">\n\t\t\t\t\t<div class=\"elementor-image-box-wrapper\"><figure class=\"elementor-image-box-img\"><img fetchpriority=\"high\" decoding=\"async\" width=\"2560\" height=\"2560\" src=\"https:\/\/afactoria.es\/wp-content\/uploads\/2026\/03\/1-scaled.png\" class=\"attachment-full size-full wp-image-1773\" alt=\"1\" title=\"Productos\" srcset=\"https:\/\/afactoria.es\/wp-content\/uploads\/2026\/03\/1-scaled.png 2560w, https:\/\/afactoria.es\/wp-content\/uploads\/2026\/03\/1-300x300.png 300w, https:\/\/afactoria.es\/wp-content\/uploads\/2026\/03\/1-1024x1024.png 1024w, https:\/\/afactoria.es\/wp-content\/uploads\/2026\/03\/1-150x150.png 150w, https:\/\/afactoria.es\/wp-content\/uploads\/2026\/03\/1-768x768.png 768w, https:\/\/afactoria.es\/wp-content\/uploads\/2026\/03\/1-1536x1536.png 1536w, https:\/\/afactoria.es\/wp-content\/uploads\/2026\/03\/1-2048x2048.png 2048w, https:\/\/afactoria.es\/wp-content\/uploads\/2026\/03\/1-12x12.png 12w\" sizes=\"(max-width: 2560px) 100vw, 2560px\" \/><\/figure><div class=\"elementor-image-box-content\"><h3 class=\"elementor-image-box-title\">Churros<\/h3><\/div><\/div>\t\t\t\t<\/div>\n\t\t\t\t<\/div>\n\t\t\t\t<div class=\"elementor-element elementor-element-dde1edc elementor-position-top elementor-widget elementor-widget-image-box\" data-id=\"dde1edc\" data-element_type=\"widget\" data-e-type=\"widget\" data-widget_type=\"image-box.default\">\n\t\t\t\t<div class=\"elementor-widget-container\">\n\t\t\t\t\t<div class=\"elementor-image-box-wrapper\"><figure class=\"elementor-image-box-img\"><img decoding=\"async\" width=\"2560\" height=\"2560\" src=\"https:\/\/afactoria.es\/wp-content\/uploads\/2026\/03\/2-scaled.png\" class=\"attachment-full size-full wp-image-1774\" alt=\"2\" title=\"Productos\" srcset=\"https:\/\/afactoria.es\/wp-content\/uploads\/2026\/03\/2-scaled.png 2560w, https:\/\/afactoria.es\/wp-content\/uploads\/2026\/03\/2-300x300.png 300w, https:\/\/afactoria.es\/wp-content\/uploads\/2026\/03\/2-1024x1024.png 1024w, https:\/\/afactoria.es\/wp-content\/uploads\/2026\/03\/2-150x150.png 150w, https:\/\/afactoria.es\/wp-content\/uploads\/2026\/03\/2-768x768.png 768w, https:\/\/afactoria.es\/wp-content\/uploads\/2026\/03\/2-1536x1536.png 1536w, https:\/\/afactoria.es\/wp-content\/uploads\/2026\/03\/2-2048x2048.png 2048w, https:\/\/afactoria.es\/wp-content\/uploads\/2026\/03\/2-12x12.png 12w\" sizes=\"(max-width: 2560px) 100vw, 2560px\" \/><\/figure><div class=\"elementor-image-box-content\"><h3 class=\"elementor-image-box-title\">Mini churros choco<\/h3><\/div><\/div>\t\t\t\t<\/div>\n\t\t\t\t<\/div>\n\t\t\t\t<div class=\"elementor-element elementor-element-09b251a elementor-position-top elementor-widget elementor-widget-image-box\" data-id=\"09b251a\" data-element_type=\"widget\" data-e-type=\"widget\" data-widget_type=\"image-box.default\">\n\t\t\t\t<div class=\"elementor-widget-container\">\n\t\t\t\t\t<div class=\"elementor-image-box-wrapper\"><figure class=\"elementor-image-box-img\"><img decoding=\"async\" width=\"2560\" height=\"2560\" src=\"https:\/\/afactoria.es\/wp-content\/uploads\/2026\/03\/3-scaled.png\" class=\"attachment-full size-full wp-image-1775\" alt=\"3\" title=\"Productos\" srcset=\"https:\/\/afactoria.es\/wp-content\/uploads\/2026\/03\/3-scaled.png 2560w, https:\/\/afactoria.es\/wp-content\/uploads\/2026\/03\/3-300x300.png 300w, https:\/\/afactoria.es\/wp-content\/uploads\/2026\/03\/3-1024x1024.png 1024w, https:\/\/afactoria.es\/wp-content\/uploads\/2026\/03\/3-150x150.png 150w, https:\/\/afactoria.es\/wp-content\/uploads\/2026\/03\/3-768x768.png 768w, https:\/\/afactoria.es\/wp-content\/uploads\/2026\/03\/3-1536x1536.png 1536w, https:\/\/afactoria.es\/wp-content\/uploads\/2026\/03\/3-2048x2048.png 2048w, https:\/\/afactoria.es\/wp-content\/uploads\/2026\/03\/3-12x12.png 12w\" sizes=\"(max-width: 2560px) 100vw, 2560px\" \/><\/figure><div class=\"elementor-image-box-content\"><h3 class=\"elementor-image-box-title\">Croissant curvo<\/h3><\/div><\/div>\t\t\t\t<\/div>\n\t\t\t\t<\/div>\n\t\t\t\t<div class=\"elementor-element elementor-element-5c3c036 elementor-position-top elementor-widget elementor-widget-image-box\" data-id=\"5c3c036\" data-element_type=\"widget\" data-e-type=\"widget\" data-widget_type=\"image-box.default\">\n\t\t\t\t<div class=\"elementor-widget-container\">\n\t\t\t\t\t<div class=\"elementor-image-box-wrapper\"><figure class=\"elementor-image-box-img\"><img loading=\"lazy\" decoding=\"async\" width=\"2560\" height=\"2560\" src=\"https:\/\/afactoria.es\/wp-content\/uploads\/2026\/03\/4-scaled.png\" class=\"attachment-full size-full wp-image-1776\" alt=\"4\" title=\"Productos\" srcset=\"https:\/\/afactoria.es\/wp-content\/uploads\/2026\/03\/4-scaled.png 2560w, https:\/\/afactoria.es\/wp-content\/uploads\/2026\/03\/4-300x300.png 300w, https:\/\/afactoria.es\/wp-content\/uploads\/2026\/03\/4-1024x1024.png 1024w, https:\/\/afactoria.es\/wp-content\/uploads\/2026\/03\/4-150x150.png 150w, https:\/\/afactoria.es\/wp-content\/uploads\/2026\/03\/4-768x768.png 768w, https:\/\/afactoria.es\/wp-content\/uploads\/2026\/03\/4-1536x1536.png 1536w, https:\/\/afactoria.es\/wp-content\/uploads\/2026\/03\/4-2048x2048.png 2048w, https:\/\/afactoria.es\/wp-content\/uploads\/2026\/03\/4-12x12.png 12w\" sizes=\"(max-width: 2560px) 100vw, 2560px\" \/><\/figure><div class=\"elementor-image-box-content\"><h3 class=\"elementor-image-box-title\">Croissant recto<\/h3><\/div><\/div>\t\t\t\t<\/div>\n\t\t\t\t<\/div>\n\t\t\t\t<div class=\"elementor-element elementor-element-e9ad184 elementor-position-top elementor-widget elementor-widget-image-box\" data-id=\"e9ad184\" data-element_type=\"widget\" data-e-type=\"widget\" data-widget_type=\"image-box.default\">\n\t\t\t\t<div class=\"elementor-widget-container\">\n\t\t\t\t\t<div class=\"elementor-image-box-wrapper\"><figure class=\"elementor-image-box-img\"><img loading=\"lazy\" decoding=\"async\" width=\"2560\" height=\"2560\" src=\"https:\/\/afactoria.es\/wp-content\/uploads\/2026\/03\/5-scaled.png\" class=\"attachment-full size-full wp-image-1777\" alt=\"5\" title=\"Productos\" srcset=\"https:\/\/afactoria.es\/wp-content\/uploads\/2026\/03\/5-scaled.png 2560w, https:\/\/afactoria.es\/wp-content\/uploads\/2026\/03\/5-300x300.png 300w, https:\/\/afactoria.es\/wp-content\/uploads\/2026\/03\/5-1024x1024.png 1024w, https:\/\/afactoria.es\/wp-content\/uploads\/2026\/03\/5-150x150.png 150w, https:\/\/afactoria.es\/wp-content\/uploads\/2026\/03\/5-768x768.png 768w, https:\/\/afactoria.es\/wp-content\/uploads\/2026\/03\/5-1536x1536.png 1536w, https:\/\/afactoria.es\/wp-content\/uploads\/2026\/03\/5-2048x2048.png 2048w, https:\/\/afactoria.es\/wp-content\/uploads\/2026\/03\/5-12x12.png 12w\" sizes=\"(max-width: 2560px) 100vw, 2560px\" \/><\/figure><div class=\"elementor-image-box-content\"><h3 class=\"elementor-image-box-title\">Mini croissant<\/h3><\/div><\/div>\t\t\t\t<\/div>\n\t\t\t\t<\/div>\n\t\t\t\t<div class=\"elementor-element elementor-element-707932d elementor-position-top elementor-widget elementor-widget-image-box\" data-id=\"707932d\" data-element_type=\"widget\" data-e-type=\"widget\" data-widget_type=\"image-box.default\">\n\t\t\t\t<div class=\"elementor-widget-container\">\n\t\t\t\t\t<div class=\"elementor-image-box-wrapper\"><figure class=\"elementor-image-box-img\"><img loading=\"lazy\" decoding=\"async\" width=\"2560\" height=\"2560\" src=\"https:\/\/afactoria.es\/wp-content\/uploads\/2026\/03\/6-scaled.png\" class=\"attachment-full size-full wp-image-1778\" alt=\"6\" title=\"Productos\" srcset=\"https:\/\/afactoria.es\/wp-content\/uploads\/2026\/03\/6-scaled.png 2560w, https:\/\/afactoria.es\/wp-content\/uploads\/2026\/03\/6-300x300.png 300w, https:\/\/afactoria.es\/wp-content\/uploads\/2026\/03\/6-1024x1024.png 1024w, https:\/\/afactoria.es\/wp-content\/uploads\/2026\/03\/6-150x150.png 150w, https:\/\/afactoria.es\/wp-content\/uploads\/2026\/03\/6-768x768.png 768w, https:\/\/afactoria.es\/wp-content\/uploads\/2026\/03\/6-1536x1536.png 1536w, https:\/\/afactoria.es\/wp-content\/uploads\/2026\/03\/6-2048x2048.png 2048w, https:\/\/afactoria.es\/wp-content\/uploads\/2026\/03\/6-12x12.png 12w\" sizes=\"(max-width: 2560px) 100vw, 2560px\" \/><\/figure><div class=\"elementor-image-box-content\"><h3 class=\"elementor-image-box-title\">Napolitana choco<\/h3><\/div><\/div>\t\t\t\t<\/div>\n\t\t\t\t<\/div>\n\t\t\t\t<div class=\"elementor-element elementor-element-7cfa17f elementor-position-top elementor-widget elementor-widget-image-box\" data-id=\"7cfa17f\" data-element_type=\"widget\" data-e-type=\"widget\" data-widget_type=\"image-box.default\">\n\t\t\t\t<div class=\"elementor-widget-container\">\n\t\t\t\t\t<div class=\"elementor-image-box-wrapper\"><figure class=\"elementor-image-box-img\"><img loading=\"lazy\" decoding=\"async\" width=\"2560\" height=\"2560\" src=\"https:\/\/afactoria.es\/wp-content\/uploads\/2026\/03\/7-scaled.png\" class=\"attachment-full size-full wp-image-1779\" alt=\"7\" title=\"Productos\" srcset=\"https:\/\/afactoria.es\/wp-content\/uploads\/2026\/03\/7-scaled.png 2560w, https:\/\/afactoria.es\/wp-content\/uploads\/2026\/03\/7-300x300.png 300w, https:\/\/afactoria.es\/wp-content\/uploads\/2026\/03\/7-1024x1024.png 1024w, https:\/\/afactoria.es\/wp-content\/uploads\/2026\/03\/7-150x150.png 150w, https:\/\/afactoria.es\/wp-content\/uploads\/2026\/03\/7-768x768.png 768w, https:\/\/afactoria.es\/wp-content\/uploads\/2026\/03\/7-1536x1536.png 1536w, https:\/\/afactoria.es\/wp-content\/uploads\/2026\/03\/7-2048x2048.png 2048w, https:\/\/afactoria.es\/wp-content\/uploads\/2026\/03\/7-12x12.png 12w\" sizes=\"(max-width: 2560px) 100vw, 2560px\" \/><\/figure><div class=\"elementor-image-box-content\"><h3 class=\"elementor-image-box-title\">Napolitana crema<\/h3><\/div><\/div>\t\t\t\t<\/div>\n\t\t\t\t<\/div>\n\t\t\t\t<div class=\"elementor-element elementor-element-55f60a3 elementor-position-top elementor-widget elementor-widget-image-box\" data-id=\"55f60a3\" data-element_type=\"widget\" data-e-type=\"widget\" data-widget_type=\"image-box.default\">\n\t\t\t\t<div class=\"elementor-widget-container\">\n\t\t\t\t\t<div class=\"elementor-image-box-wrapper\"><figure class=\"elementor-image-box-img\"><img loading=\"lazy\" decoding=\"async\" width=\"2560\" height=\"2560\" src=\"https:\/\/afactoria.es\/wp-content\/uploads\/2026\/03\/8-scaled.png\" class=\"attachment-full size-full wp-image-1780\" alt=\"8\" title=\"Productos\" srcset=\"https:\/\/afactoria.es\/wp-content\/uploads\/2026\/03\/8-scaled.png 2560w, https:\/\/afactoria.es\/wp-content\/uploads\/2026\/03\/8-300x300.png 300w, https:\/\/afactoria.es\/wp-content\/uploads\/2026\/03\/8-1024x1024.png 1024w, https:\/\/afactoria.es\/wp-content\/uploads\/2026\/03\/8-150x150.png 150w, https:\/\/afactoria.es\/wp-content\/uploads\/2026\/03\/8-768x768.png 768w, https:\/\/afactoria.es\/wp-content\/uploads\/2026\/03\/8-1536x1536.png 1536w, https:\/\/afactoria.es\/wp-content\/uploads\/2026\/03\/8-2048x2048.png 2048w, https:\/\/afactoria.es\/wp-content\/uploads\/2026\/03\/8-12x12.png 12w\" sizes=\"(max-width: 2560px) 100vw, 2560px\" \/><\/figure><div class=\"elementor-image-box-content\"><h3 class=\"elementor-image-box-title\">Chip choco<\/h3><\/div><\/div>\t\t\t\t<\/div>\n\t\t\t\t<\/div>\n\t\t\t\t<div class=\"elementor-element elementor-element-62003a7 elementor-position-top elementor-widget elementor-widget-image-box\" data-id=\"62003a7\" data-element_type=\"widget\" data-e-type=\"widget\" data-widget_type=\"image-box.default\">\n\t\t\t\t<div class=\"elementor-widget-container\">\n\t\t\t\t\t<div class=\"elementor-image-box-wrapper\"><figure class=\"elementor-image-box-img\"><img loading=\"lazy\" decoding=\"async\" width=\"2560\" height=\"2560\" src=\"https:\/\/afactoria.es\/wp-content\/uploads\/2026\/03\/9-scaled.png\" class=\"attachment-full size-full wp-image-1781\" alt=\"9\" title=\"Productos\" srcset=\"https:\/\/afactoria.es\/wp-content\/uploads\/2026\/03\/9-scaled.png 2560w, https:\/\/afactoria.es\/wp-content\/uploads\/2026\/03\/9-300x300.png 300w, https:\/\/afactoria.es\/wp-content\/uploads\/2026\/03\/9-1024x1024.png 1024w, https:\/\/afactoria.es\/wp-content\/uploads\/2026\/03\/9-150x150.png 150w, https:\/\/afactoria.es\/wp-content\/uploads\/2026\/03\/9-768x768.png 768w, https:\/\/afactoria.es\/wp-content\/uploads\/2026\/03\/9-1536x1536.png 1536w, https:\/\/afactoria.es\/wp-content\/uploads\/2026\/03\/9-2048x2048.png 2048w, https:\/\/afactoria.es\/wp-content\/uploads\/2026\/03\/9-12x12.png 12w\" sizes=\"(max-width: 2560px) 100vw, 2560px\" \/><\/figure><div class=\"elementor-image-box-content\"><h3 class=\"elementor-image-box-title\">Chip crema<\/h3><\/div><\/div>\t\t\t\t<\/div>\n\t\t\t\t<\/div>\n\t\t\t\t<div class=\"elementor-element elementor-element-ed6d1b7 elementor-position-top elementor-widget elementor-widget-image-box\" data-id=\"ed6d1b7\" data-element_type=\"widget\" data-e-type=\"widget\" data-widget_type=\"image-box.default\">\n\t\t\t\t<div class=\"elementor-widget-container\">\n\t\t\t\t\t<div class=\"elementor-image-box-wrapper\"><figure class=\"elementor-image-box-img\"><img loading=\"lazy\" decoding=\"async\" width=\"2560\" height=\"2560\" src=\"https:\/\/afactoria.es\/wp-content\/uploads\/2026\/03\/Sin-titulo-200-x-200-mm-scaled.png\" class=\"attachment-full size-full wp-image-1782\" alt=\"sin t\u00edtulo (200 x 200 mm)\" title=\"Productos\" srcset=\"https:\/\/afactoria.es\/wp-content\/uploads\/2026\/03\/Sin-titulo-200-x-200-mm-scaled.png 2560w, https:\/\/afactoria.es\/wp-content\/uploads\/2026\/03\/Sin-titulo-200-x-200-mm-300x300.png 300w, https:\/\/afactoria.es\/wp-content\/uploads\/2026\/03\/Sin-titulo-200-x-200-mm-1024x1024.png 1024w, https:\/\/afactoria.es\/wp-content\/uploads\/2026\/03\/Sin-titulo-200-x-200-mm-150x150.png 150w, https:\/\/afactoria.es\/wp-content\/uploads\/2026\/03\/Sin-titulo-200-x-200-mm-768x768.png 768w, https:\/\/afactoria.es\/wp-content\/uploads\/2026\/03\/Sin-titulo-200-x-200-mm-1536x1536.png 1536w, https:\/\/afactoria.es\/wp-content\/uploads\/2026\/03\/Sin-titulo-200-x-200-mm-2048x2048.png 2048w, https:\/\/afactoria.es\/wp-content\/uploads\/2026\/03\/Sin-titulo-200-x-200-mm-12x12.png 12w\" sizes=\"(max-width: 2560px) 100vw, 2560px\" \/><\/figure><div class=\"elementor-image-box-content\"><h3 class=\"elementor-image-box-title\">Lazo<\/h3><\/div><\/div>\t\t\t\t<\/div>\n\t\t\t\t<\/div>\n\t\t\t\t<div class=\"elementor-element elementor-element-459c526 elementor-position-top elementor-widget elementor-widget-image-box\" data-id=\"459c526\" data-element_type=\"widget\" data-e-type=\"widget\" data-widget_type=\"image-box.default\">\n\t\t\t\t<div class=\"elementor-widget-container\">\n\t\t\t\t\t<div class=\"elementor-image-box-wrapper\"><figure class=\"elementor-image-box-img\"><img loading=\"lazy\" decoding=\"async\" width=\"2560\" height=\"2560\" src=\"https:\/\/afactoria.es\/wp-content\/uploads\/2026\/03\/Sin-titulo-200-x-200-mm-1-scaled.png\" class=\"attachment-full size-full wp-image-1783\" alt=\"sin t\u00edtulo (200 x 200 mm) (1)\" title=\"Productos\" srcset=\"https:\/\/afactoria.es\/wp-content\/uploads\/2026\/03\/Sin-titulo-200-x-200-mm-1-scaled.png 2560w, https:\/\/afactoria.es\/wp-content\/uploads\/2026\/03\/Sin-titulo-200-x-200-mm-1-300x300.png 300w, https:\/\/afactoria.es\/wp-content\/uploads\/2026\/03\/Sin-titulo-200-x-200-mm-1-1024x1024.png 1024w, https:\/\/afactoria.es\/wp-content\/uploads\/2026\/03\/Sin-titulo-200-x-200-mm-1-150x150.png 150w, https:\/\/afactoria.es\/wp-content\/uploads\/2026\/03\/Sin-titulo-200-x-200-mm-1-768x768.png 768w, https:\/\/afactoria.es\/wp-content\/uploads\/2026\/03\/Sin-titulo-200-x-200-mm-1-1536x1536.png 1536w, https:\/\/afactoria.es\/wp-content\/uploads\/2026\/03\/Sin-titulo-200-x-200-mm-1-2048x2048.png 2048w, https:\/\/afactoria.es\/wp-content\/uploads\/2026\/03\/Sin-titulo-200-x-200-mm-1-12x12.png 12w\" sizes=\"(max-width: 2560px) 100vw, 2560px\" \/><\/figure><div class=\"elementor-image-box-content\"><h3 class=\"elementor-image-box-title\">Caracola crema<\/h3><\/div><\/div>\t\t\t\t<\/div>\n\t\t\t\t<\/div>\n\t\t\t\t<\/div>\n\t\t\t\t\t<\/div>\n\t\t\t\t<\/div>\n\t\t\t\t<\/div>","protected":false},"excerpt":{"rendered":"<p>Nuestra propuesta Nuestros productos En A Factor\u00eda te ofrecemos una selecci\u00f3n de churros y boller\u00eda. Disponemos de pan artesano. Los mejores churros y boller\u00eda Elegidos cada d\u00eda por cientos de clientes En A Factor\u00eda elaboramos nuestros churros y piezas de boller\u00eda de manera artesanal, cuidando cada detalle para que lleguen siempre frescos y llenos de [&hellip;]<\/p>\n","protected":false},"author":1,"featured_media":0,"parent":0,"menu_order":4,"comment_status":"closed","ping_status":"closed","template":"","meta":{"site-sidebar-layout":"no-sidebar","site-content-layout":"page-builder","ast-site-content-layout":"full-width-container","site-content-style":"unboxed","site-sidebar-style":"unboxed","ast-global-header-display":"","ast-banner-title-visibility":"","ast-main-header-display":"","ast-hfb-above-header-display":"","ast-hfb-below-header-display":"","ast-hfb-mobile-header-display":"","site-post-title":"disabled","ast-breadcrumbs-content":"","ast-featured-img":"disabled","footer-sml-layout":"","ast-disable-related-posts":"","theme-transparent-header-meta":"","adv-header-id-meta":"","stick-header-meta":"","header-above-stick-meta":"","header-main-stick-meta":"","header-below-stick-meta":"","astra-migrate-meta-layouts":"set","ast-page-background-enabled":"default","ast-page-background-meta":{"desktop":{"background-color":"","background-image":"","background-repeat":"repeat","background-position":"center center","background-size":"auto","background-attachment":"scroll","background-type":"","background-media":"","overlay-type":"","overlay-color":"","overlay-opacity":"","overlay-gradient":""},"tablet":{"background-color":"","background-image":"","background-repeat":"repeat","background-position":"center center","background-size":"auto","background-attachment":"scroll","background-type":"","background-media":"","overlay-type":"","overlay-color":"","overlay-opacity":"","overlay-gradient":""},"mobile":{"background-color":"","background-image":"","background-repeat":"repeat","background-position":"center center","background-size":"auto","background-attachment":"scroll","background-type":"","background-media":"","overlay-type":"","overlay-color":"","overlay-opacity":"","overlay-gradient":""}},"ast-content-background-meta":{"desktop":{"background-color":"var(--ast-global-color-5)","background-image":"","background-repeat":"repeat","background-position":"center center","background-size":"auto","background-attachment":"scroll","background-type":"","background-media":"","overlay-type":"","overlay-color":"","overlay-opacity":"","overlay-gradient":""},"tablet":{"background-color":"var(--ast-global-color-5)","background-image":"","background-repeat":"repeat","background-position":"center center","background-size":"auto","background-attachment":"scroll","background-type":"","background-media":"","overlay-type":"","overlay-color":"","overlay-opacity":"","overlay-gradient":""},"mobile":{"background-color":"var(--ast-global-color-5)","background-image":"","background-repeat":"repeat","background-position":"center center","background-size":"auto","background-attachment":"scroll","background-type":"","background-media":"","overlay-type":"","overlay-color":"","overlay-opacity":"","overlay-gradient":""}},"footnotes":""},"class_list":["post-570","page","type-page","status-publish","hentry"],"_links":{"self":[{"href":"https:\/\/afactoria.es\/gal\/wp-json\/wp\/v2\/pages\/570","targetHints":{"allow":["GET"]}}],"collection":[{"href":"https:\/\/afactoria.es\/gal\/wp-json\/wp\/v2\/pages"}],"about":[{"href":"https:\/\/afactoria.es\/gal\/wp-json\/wp\/v2\/types\/page"}],"author":[{"embeddable":true,"href":"https:\/\/afactoria.es\/gal\/wp-json\/wp\/v2\/users\/1"}],"replies":[{"embeddable":true,"href":"https:\/\/afactoria.es\/gal\/wp-json\/wp\/v2\/comments?post=570"}],"version-history":[{"count":65,"href":"https:\/\/afactoria.es\/gal\/wp-json\/wp\/v2\/pages\/570\/revisions"}],"predecessor-version":[{"id":1786,"href":"https:\/\/afactoria.es\/gal\/wp-json\/wp\/v2\/pages\/570\/revisions\/1786"}],"wp:attachment":[{"href":"https:\/\/afactoria.es\/gal\/wp-json\/wp\/v2\/media?parent=570"}],"curies":[{"name":"wp","href":"https:\/\/api.w.org\/{rel}","templated":true}]}}